{"id":20,"date":"2020-02-21T09:19:21","date_gmt":"2020-02-21T08:19:21","guid":{"rendered":"http:\/\/bergovia.g2.formy.net\/?page_id=20"},"modified":"2020-02-25T08:58:35","modified_gmt":"2020-02-25T07:58:35","slug":"kontakt","status":"publish","type":"page","link":"https:\/\/www.bergoviaevent.pl\/?page_id=20","title":{"rendered":"Kontakt"},"content":{"rendered":"<div id=\"pl-20\"  class=\"panel-layout\" ><div id=\"pg-20-0\"  class=\"panel-grid panel-has-style\" ><div class=\"contact panel-row-style panel-row-style-for-20-0\" ><div id=\"pgc-20-0-0\"  class=\"panel-grid-cell\" ><div class=\"contact-details panel-cell-style panel-cell-style-for-20-0-0\" ><div id=\"panel-20-0-0-0\" class=\"widget_text so-panel widget widget_custom_html panel-first-child panel-last-child\" data-index=\"0\" ><div class=\"textwidget custom-html-widget\"> <div class=\"adress\">\n                                    <div class=\"adress-icon\">\n                                        <i class=\"fas fa-home\" aria-hidden=\"true\"><\/i>\n                                    <\/div>\n                                    <div class=\"adress-content\">\n                                        <span><strong>Dane firmy<\/strong><\/span><br>\n                                        <span>Bergovia Event Artur Witenberg<\/span><br>ul. Ogrody 19e\/67<br>85-870 Bydgoszcz\n                                    <\/div>\n                                <\/div>\n                                <div class=\"adress\">\n                                    <div class=\"adress-icon\">\n                                        <i class=\"fas fa-mobile-alt\" aria-hidden=\"true\"><\/i>\n                                    <\/div>\n                                    <div class=\"adress-content\">\n                                        <span><strong>Telefon: <\/strong><\/span>\n                                        +48 501 665 040\n                                    <\/div>\n                                <\/div>\n                                <div class=\"adress\">\n                                    <div class=\"adress-icon\">\n                                        <i class=\"far fa-envelope\" aria-hidden=\"true\"><\/i>\n                                    <\/div>\n                                    <div class=\"adress-content\">\n                                        <span><strong>E-mail: <\/strong><\/span>\n                                        biuro@bergoviaevent.pl\n                                    <\/div>\n                                <\/div>\n                                <div class=\"adress\">\n                                    <div class=\"adress-icon\">\n                                        <i class=\"fas fa-bars\" aria-hidden=\"true\"><\/i>\n                                    <\/div>\n                                    <div class=\"adress-content\">\n                                        <span><strong>NIP <\/strong><\/span>\n                                        953 - 180 - 63 - 50\n                                    <\/div>\n                                <\/div>\n                                <div class=\"adress\">\n                                    <div class=\"adress-icon\">\n                                        <i class=\"fas fa-coins\" aria-hidden=\"true\"><\/i>\n                                    <\/div>\n                                    <div class=\"adress-content\">\n                                        <span><strong>Nr konta <\/strong><\/span><br>\n                                        75 1240 1183 1111 0010 9597 2135\n                                    <\/div>\n                                <\/div><\/div><\/div><\/div><\/div><div id=\"pgc-20-0-1\"  class=\"panel-grid-cell\" ><div class=\"movie panel-cell-style panel-cell-style-for-20-0-1\" ><div id=\"panel-20-0-1-0\" class=\"so-panel widget widget_sow-image panel-first-child panel-last-child\" data-index=\"1\" ><div\n\t\t\t\n\t\t\tclass=\"so-widget-sow-image so-widget-sow-image-default-8b5b6f678277-20\"\n\t\t\t\n\t\t>\n\n<div class=\"sow-image-container\">\n\t\t<img loading=\"lazy\" decoding=\"async\" src=\"https:\/\/www.bergoviaevent.pl\/wp-content\/uploads\/2020\/02\/contact-map.jpg\" width=\"635\" height=\"371\" srcset=\"https:\/\/www.bergoviaevent.pl\/wp-content\/uploads\/2020\/02\/contact-map.jpg 635w, https:\/\/www.bergoviaevent.pl\/wp-content\/uploads\/2020\/02\/contact-map-250x146.jpg 250w, https:\/\/www.bergoviaevent.pl\/wp-content\/uploads\/2020\/02\/contact-map-120x70.jpg 120w\" sizes=\"auto, (max-width: 635px) 100vw, 635px\" alt=\"\" \t\tclass=\"so-widget-image\"\/>\n\t<\/div>\n\n<\/div><\/div><\/div><\/div><\/div><\/div><div id=\"pg-20-1\"  class=\"panel-grid panel-has-style\" ><div class=\"container panel-row-style panel-row-style-for-20-1\" ><div id=\"pgc-20-1-0\"  class=\"panel-grid-cell panel-grid-cell-mobile-last\" ><div id=\"panel-20-1-0-0\" class=\"widget_text so-panel widget widget_custom_html panel-first-child panel-last-child\" data-index=\"2\" ><div class=\"widget_text contact-form panel-widget-style panel-widget-style-for-20-1-0-0\" ><h3 class=\"widget-title\">Formularz kontaktowy<\/h3><div class=\"textwidget custom-html-widget\">\n<div class=\"wpcf7 no-js\" id=\"wpcf7-f256-o1\" lang=\"pl-PL\" dir=\"ltr\">\n<div class=\"screen-reader-response\"><p role=\"status\" aria-live=\"polite\" aria-atomic=\"true\"><\/p> <ul><\/ul><\/div>\n<form action=\"\/index.php?rest_route=%2Fwp%2Fv2%2Fpages%2F20#wpcf7-f256-o1\" method=\"post\" class=\"wpcf7-form init\" aria-label=\"Formularz kontaktowy\" novalidate=\"novalidate\" data-status=\"init\">\n<div style=\"display: none;\">\n<input type=\"hidden\" name=\"_wpcf7\" value=\"256\" \/>\n<input type=\"hidden\" name=\"_wpcf7_version\" value=\"5.9.8\" \/>\n<input type=\"hidden\" name=\"_wpcf7_locale\" value=\"pl_PL\" \/>\n<input type=\"hidden\" name=\"_wpcf7_unit_tag\" value=\"wpcf7-f256-o1\" \/>\n<input type=\"hidden\" name=\"_wpcf7_container_post\" value=\"0\" \/>\n<input type=\"hidden\" name=\"_wpcf7_posted_data_hash\" value=\"\" \/>\n<\/div>\n<div class=\"row\">\n\t<div class=\"col-sm-6\">\n\t\t<div class=\"form-group\">\n\t\t\t<p><label for=\"imie\">Imi\u0119 i nazwisko<\/label><span class=\"wpcf7-form-control-wrap\" data-name=\"your-name\"><input size=\"40\" maxlength=\"400\" class=\"wpcf7-form-control wpcf7-text wpcf7-validates-as-required form-control\" aria-required=\"true\" aria-invalid=\"false\" value=\"\" type=\"text\" name=\"your-name\" \/><\/span>\n\t\t\t<\/p>\n\t\t<\/div>\n\t<\/div>\n\t<div class=\"col-sm-6\">\n\t\t<div class=\"form-group\">\n\t\t\t<p><label for=\"email\">Adres email<\/label><span class=\"wpcf7-form-control-wrap\" data-name=\"your-email\"><input size=\"40\" maxlength=\"400\" class=\"wpcf7-form-control wpcf7-email wpcf7-validates-as-required wpcf7-text wpcf7-validates-as-email form-control\" aria-required=\"true\" aria-invalid=\"false\" value=\"\" type=\"email\" name=\"your-email\" \/><\/span>\n\t\t\t<\/p>\n\t\t<\/div>\n\t<\/div>\n\t<div class=\"col-sm-6\">\n\t\t<div class=\"form-group\">\n\t\t\t<p><label for=\"telefon\">Telefon<\/label><span class=\"wpcf7-form-control-wrap\" data-name=\"your-phone\"><input size=\"40\" maxlength=\"400\" class=\"wpcf7-form-control wpcf7-text wpcf7-validates-as-required form-control\" aria-required=\"true\" aria-invalid=\"false\" value=\"\" type=\"text\" name=\"your-phone\" \/><\/span>\n\t\t\t<\/p>\n\t\t<\/div>\n\t<\/div>\n\t<div class=\"col-sm-6\">\n\t\t<div class=\"form-group\">\n\t\t\t<p><label for=\"subject\">Temat wiadomo\u015bci<\/label><span class=\"wpcf7-form-control-wrap\" data-name=\"your-subject\"><input size=\"40\" maxlength=\"400\" class=\"wpcf7-form-control wpcf7-text form-control\" aria-invalid=\"false\" value=\"\" type=\"text\" name=\"your-subject\" \/><\/span>\n\t\t\t<\/p>\n\t\t<\/div>\n\t<\/div>\n\t<div class=\"clearfix\">\n\t<\/div>\n\t<div class=\"col-sm-12\">\n\t\t<div class=\"form-group\">\n\t\t\t<p><label for=\"wiadomosc\">Tre\u015b\u0107 wiadomo\u015bci<\/label><span class=\"wpcf7-form-control-wrap\" data-name=\"your-message\"><textarea cols=\"40\" rows=\"10\" maxlength=\"2000\" class=\"wpcf7-form-control wpcf7-textarea form-control\" aria-invalid=\"false\" name=\"your-message\"><\/textarea><\/span>\n\t\t\t<\/p>\n\t\t<\/div>\n\t<\/div>\n\t<div class=\"col-sm-12\">\n\t\t<div class=\"form-group\">\n\t\t\t<div class=\"form-check rodo\">\n\t\t\t\t<p><span class=\"wpcf7-form-control-wrap\" data-name=\"acceptance-701\"><span class=\"wpcf7-form-control wpcf7-acceptance\"><span class=\"wpcf7-list-item\"><label><input type=\"checkbox\" name=\"acceptance-701\" value=\"1\" aria-invalid=\"false\" \/><span class=\"wpcf7-list-item-label\">Wyra\u017cam zgod\u0119 na przetwarzanie danych osobowych zgodnie z ustaw\u0105 o ochronie danych osobowych w zwi\u0105zku z wys\u0142aniem zapytania przez formularz kontaktowy. Podanie danych jest dobrowolne, ale niezb\u0119dne do przetworzenia zapytania zgodnie z Polityk\u0105 prywatno\u015bci. Zosta\u0142em\/am poinformowany, \u017ce przys\u0142uguje mi prawo dost\u0119pu do swoich danych, mo\u017cliwo\u015bci ich poprawiania, \u017c\u0105dania zaprzestania ich przetwarzania. Administratorem danych osobowych jest Bergovia Event Artur Witenberg, ul. Ogrody 19e\/67, 85-870 Bydgoszcz.<\/span><\/label><\/span><\/span><\/span>\n\t\t\t\t<\/p>\n\t\t\t<\/div>\n\t\t<\/div>\n\t<\/div>\n\t<div class=\"clearfix\">\n\t<\/div>\n\t<div class=\"col-sm-12\">\n\t\t<div class=\"form-group\">\n\t\t\t<p><input class=\"wpcf7-form-control wpcf7-submit has-spinner btn hero-btn pull-right\" type=\"submit\" value=\"Wy\u015blij\" \/>\n\t\t\t<\/p>\n\t\t<\/div>\n\t<\/div>\n<\/div><p style=\"display: none !important;\" class=\"akismet-fields-container\" data-prefix=\"_wpcf7_ak_\"><label>&#916;<textarea name=\"_wpcf7_ak_hp_textarea\" cols=\"45\" rows=\"8\" maxlength=\"100\"><\/textarea><\/label><input type=\"hidden\" id=\"ak_js_1\" name=\"_wpcf7_ak_js\" value=\"218\"\/><script>document.getElementById( \"ak_js_1\" ).setAttribute( \"value\", ( new Date() ).getTime() );<\/script><\/p><div class=\"wpcf7-response-output\" aria-hidden=\"true\"><\/div>\n<\/form>\n<\/div>\n<\/div><\/div><\/div><\/div><div id=\"pgc-20-1-1\"  class=\"panel-grid-cell panel-grid-cell-empty\" ><\/div><\/div><\/div><\/div>","protected":false},"excerpt":{"rendered":"Dane firmy Bergovia Event Artur Witenbergul. Ogrody 19e\/6785-870 Bydgoszcz Telefon: +48 501 665 040 E-mail: biuro@bergoviaevent.pl NIP 953 &#8211; 180 &#8211; 63 &#8211; 50 Nr konta 75 1240 1183 1111 0010 9597 2135 Formularz kontaktowy Imi\u0119 i nazwisko Adres email Telefon Temat wiadomo\u015bci Tre\u015b\u0107 wiadomo\u015bci Wyra\u017cam zgod\u0119 na przetwarzanie danych osobowych zgodnie z ustaw\u0105 o&#8230; <a class=\"view-article\" href=\"https:\/\/www.bergoviaevent.pl\/?page_id=20\">View Article<\/a>","protected":false},"author":1,"featured_media":0,"parent":0,"menu_order":6,"comment_status":"closed","ping_status":"closed","template":"template-contact.php","meta":{"_acf_changed":false,"inline_featured_image":false,"footnotes":""},"class_list":["post-20","page","type-page","status-publish","hentry"],"acf":[],"_links":{"self":[{"href":"https:\/\/www.bergoviaevent.pl\/index.php?rest_route=\/wp\/v2\/pages\/20","targetHints":{"allow":["GET"]}}],"collection":[{"href":"https:\/\/www.bergoviaevent.pl\/index.php?rest_route=\/wp\/v2\/pages"}],"about":[{"href":"https:\/\/www.bergoviaevent.pl\/index.php?rest_route=\/wp\/v2\/types\/page"}],"author":[{"embeddable":true,"href":"https:\/\/www.bergoviaevent.pl\/index.php?rest_route=\/wp\/v2\/users\/1"}],"replies":[{"embeddable":true,"href":"https:\/\/www.bergoviaevent.pl\/index.php?rest_route=%2Fwp%2Fv2%2Fcomments&post=20"}],"version-history":[{"count":34,"href":"https:\/\/www.bergoviaevent.pl\/index.php?rest_route=\/wp\/v2\/pages\/20\/revisions"}],"predecessor-version":[{"id":286,"href":"https:\/\/www.bergoviaevent.pl\/index.php?rest_route=\/wp\/v2\/pages\/20\/revisions\/286"}],"wp:attachment":[{"href":"https:\/\/www.bergoviaevent.pl\/index.php?rest_route=%2Fwp%2Fv2%2Fmedia&parent=20"}],"curies":[{"name":"wp","href":"https:\/\/api.w.org\/{rel}","templated":true}]}}