{"id":16,"date":"2020-02-21T09:19:08","date_gmt":"2020-02-21T08:19:08","guid":{"rendered":"http:\/\/bergovia.g2.formy.net\/?page_id=16"},"modified":"2020-03-31T15:31:43","modified_gmt":"2020-03-31T13:31:43","slug":"integracja-i-szkolenia","status":"publish","type":"page","link":"https:\/\/www.bergoviaevent.pl\/?page_id=16","title":{"rendered":"Integracja i szkolenia"},"content":{"rendered":"<div id=\"pl-16\"  class=\"panel-layout\" ><div id=\"pg-16-0\"  class=\"panel-grid panel-has-style\" ><div class=\"arts panel-row-style panel-row-style-for-16-0\" ><div id=\"pgc-16-0-0\"  class=\"panel-grid-cell\" ><div id=\"panel-16-0-0-0\" class=\"so-panel widget widget_sow-editor panel-first-child panel-last-child\" data-index=\"0\" ><div\n\t\t\t\n\t\t\tclass=\"so-widget-sow-editor so-widget-sow-editor-base\"\n\t\t\t\n\t\t>\n<div class=\"siteorigin-widget-tinymce textwidget\">\n\t<h3>Szkolenia i warsztaty integracyjne<\/h3>\n<p>Szkolenia buduj\u0105 i podnosz\u0105 kompetencje pracownik\u00f3w. Wsp\u00f3lne gry i zabawy, aktywizuj\u0105 i integruj\u0105 grup\u0119, tworz\u0105 relacje, kt\u00f3re mog\u0105 zosta\u0107 przeniesione na grunt organizacji i wspiera\u0107 dba\u0142o\u015b\u0107 o pozytywn\u0105 atmosfer\u0119 w zespole.<br \/>\nZajmujemy si\u0119 kompleksow\u0105 realizacj\u0105 szkole\u0144 i warsztat\u00f3w m.in.:<\/p>\n<ul>\n<li>szkolenia interpersonalne<\/li>\n<li>szkolenia sprzeda\u017cowe<\/li>\n<li>szkolenia z obs\u0142ugi klienta<\/li>\n<li>szkolenia menad\u017cerskie<\/li>\n<li>szkolenia dla handlowc\u00f3w<\/li>\n<li>szkolenia zarz\u0105dzania sprzeda\u017c\u0105<\/li>\n<li>szkolenie zarz\u0105dzania zmian\u0105<\/li>\n<li>szkolenie zarz\u0105dzania konfliktem<\/li>\n<li>szkolenie coaching mened\u017cerski<\/li>\n<li>szkolenie planowanie strategiczne i operacyjne<\/li>\n<li>szkolenia teambuilding<\/li>\n<\/ul>\n<\/div>\n<\/div><\/div><\/div><div id=\"pgc-16-0-1\"  class=\"panel-grid-cell\" ><div id=\"panel-16-0-1-0\" class=\"so-panel widget widget_sow-image panel-first-child panel-last-child\" data-index=\"1\" ><div\n\t\t\t\n\t\t\tclass=\"so-widget-sow-image so-widget-sow-image-default-8b5b6f678277-16\"\n\t\t\t\n\t\t>\n\n<div class=\"sow-image-container\">\n\t\t<img loading=\"lazy\" decoding=\"async\" src=\"https:\/\/www.bergoviaevent.pl\/wp-content\/uploads\/2020\/03\/szkolenia3-1.jpg\" width=\"495\" height=\"598\" srcset=\"https:\/\/www.bergoviaevent.pl\/wp-content\/uploads\/2020\/03\/szkolenia3-1.jpg 495w, https:\/\/www.bergoviaevent.pl\/wp-content\/uploads\/2020\/03\/szkolenia3-1-250x302.jpg 250w, https:\/\/www.bergoviaevent.pl\/wp-content\/uploads\/2020\/03\/szkolenia3-1-120x145.jpg 120w\" sizes=\"auto, (max-width: 495px) 100vw, 495px\" title=\"szkolenia3\" alt=\"\" \t\tclass=\"so-widget-image\"\/>\n\t<\/div>\n\n<\/div><\/div><\/div><\/div><\/div><div id=\"pg-16-1\"  class=\"panel-grid panel-has-style\" ><div class=\"panel-row-style panel-row-style-for-16-1\" ><div id=\"pgc-16-1-0\"  class=\"panel-grid-cell\" ><div id=\"panel-16-1-0-0\" class=\"so-panel widget widget_sow-editor panel-first-child panel-last-child\" data-index=\"2\" ><div\n\t\t\t\n\t\t\tclass=\"so-widget-sow-editor so-widget-sow-editor-base\"\n\t\t\t\n\t\t>\n<div class=\"siteorigin-widget-tinymce textwidget\">\n\t<p>Powy\u017csze aktywno\u015bci realizujemy ze sprawdzonymi trenerami z d\u0142ugoletnim do\u015bwiadczeniem zawodowym. Wsp\u00f3\u0142pracujemy z profesjonalistami, kt\u00f3rzy przygotowuj\u0105 autorskie programy szkole\u0144, charakteryzuj\u0105cych si\u0119 wysok\u0105 skuteczno\u015bci\u0105 w dziedzinie rozwoju kompetencji.\u00a0 Ka\u017cd\u0105 ofert\u0119 dostosowujemy do indywidualnych potrzeb i oczekiwa\u0144 Klienta.<\/p>\n<p>Udane szkolenie integracyjne, kt\u00f3ry nie zrujnuje Ci\u0119 finansowo, mo\u017ce zorganizowa\u0107 nawet najmniejsza firma. Wa\u017cna jest bowiem jako\u015b\u0107 i profesjonalizm, a nie fajerwerki. O sukcesie wydarzenia \u015bwiadcz\u0105 zadowoleni i zmotywowani uczestnicy wydarzenia, a nie bud\u017cet wydany na imprez\u0119.<\/p>\n<\/div>\n<\/div><\/div><\/div><\/div><\/div><div id=\"pg-16-2\"  class=\"panel-grid panel-has-style\" ><div class=\"bgg siteorigin-panels-stretch panel-row-style panel-row-style-for-16-2\" data-stretch-type=\"full\" ><div id=\"pgc-16-2-0\"  class=\"panel-grid-cell\" ><div id=\"panel-16-2-0-0\" class=\"so-panel widget widget_sow-image panel-first-child panel-last-child\" data-index=\"3\" ><div\n\t\t\t\n\t\t\tclass=\"so-widget-sow-image so-widget-sow-image-default-8b5b6f678277-16\"\n\t\t\t\n\t\t>\n\n<div class=\"sow-image-container\">\n\t\t<img loading=\"lazy\" decoding=\"async\" src=\"https:\/\/www.bergoviaevent.pl\/wp-content\/uploads\/2020\/03\/sport.jpg\" width=\"495\" height=\"598\" srcset=\"https:\/\/www.bergoviaevent.pl\/wp-content\/uploads\/2020\/03\/sport.jpg 495w, https:\/\/www.bergoviaevent.pl\/wp-content\/uploads\/2020\/03\/sport-250x302.jpg 250w, https:\/\/www.bergoviaevent.pl\/wp-content\/uploads\/2020\/03\/sport-120x145.jpg 120w\" sizes=\"auto, (max-width: 495px) 100vw, 495px\" alt=\"\" \t\tclass=\"so-widget-image\"\/>\n\t<\/div>\n\n<\/div><\/div><\/div><div id=\"pgc-16-2-1\"  class=\"panel-grid-cell\" ><div id=\"panel-16-2-1-0\" class=\"so-panel widget widget_sow-editor panel-first-child panel-last-child\" data-index=\"4\" ><div\n\t\t\t\n\t\t\tclass=\"so-widget-sow-editor so-widget-sow-editor-base\"\n\t\t\t\n\t\t>\n<div class=\"siteorigin-widget-tinymce textwidget\">\n\t<h3>Eventy sportowe i wyjazdy dla firm<\/h3>\n<p>Sport i zdrowy styl \u017cycia to niezwykle wa\u017cne elementy naszego \u017cycia prywatnego, a tak\u017ce zawodowego. Wsp\u00f3lna pasja i mo\u017cliwo\u015b\u0107 jej realizowania, energia i wsp\u00f3\u0142zawodnictwo sportowe to nieod\u0142\u0105czne atrybuty, kt\u00f3ry \u0142\u0105cz\u0105 ludzi w organizacji. Pracodawcy coraz cz\u0119\u015bciej dostrzegaj\u0105 zale\u017cno\u015b\u0107 pomi\u0119dzy zdrowiem i kondycj\u0105 fizyczn\u0105 swoich pracownik\u00f3w, a zaanga\u017cowaniem i efektywno\u015bci\u0105 pracy. Dlatego umo\u017cliwiaj\u0105 im aktywne sp\u0119dzanie wolnego czasu w atmosferze rywalizacji sportowej. Jest to jednocze\u015bnie wa\u017cny element budowania relacji, identyfikacji z firm\u0105 oraz umacniania pozytywnego wizerunku przedsi\u0119biorstwa wspieraj\u0105cego aktywno\u015b\u0107 sportow\u0105 i prozdrowotn\u0105.<\/p>\n<\/div>\n<\/div><\/div><\/div><\/div><\/div><div id=\"pg-16-3\"  class=\"panel-grid panel-has-style\" ><div class=\"bgg siteorigin-panels-stretch panel-row-style panel-row-style-for-16-3\" data-stretch-type=\"full\" ><div id=\"pgc-16-3-0\"  class=\"panel-grid-cell\" ><div id=\"panel-16-3-0-0\" class=\"so-panel widget widget_sow-editor panel-first-child panel-last-child\" data-index=\"5\" ><div\n\t\t\t\n\t\t\tclass=\"so-widget-sow-editor so-widget-sow-editor-base\"\n\t\t\t\n\t\t>\n<div class=\"siteorigin-widget-tinymce textwidget\">\n\t<p>W zale\u017cno\u015bci od potrzeb oczekiwa\u0144 organizujemy:<\/p>\n<ul>\n<li>firmowe zawody sportowe \u2013 olimpiady, rozgrywki pracownik\u00f3w w wybranych dyscyplinach<\/li>\n<li>turnieje bran\u017cowe dla firm \u2013 rozgrywki w wybranych dyscyplinach<\/li>\n<li>wyjazdy na imprezy sportowe<\/li>\n<li>imprezy sportowe dla dzieci, m\u0142odzie\u017cy i doros\u0142ych<\/li>\n<\/ul>\n<p>Przy organizacji wsp\u00f3\u0142pracujemy z klubami sportowymi, sprawdzonymi o\u015brodkami wypoczynkowymi i firmami transportowymi. Aby wszyscy uczestnicy czuli si\u0119 jak prawdziwi sportowcy, nasze imprezy s\u0105 obs\u0142ugiwane przez profesjonalnych s\u0119dzi\u00f3w, instruktor\u00f3w i trener\u00f3w z danej dyscypliny, konferansjer\u00f3w.<\/p>\n<\/div>\n<\/div><\/div><\/div><\/div><\/div><div id=\"pg-16-4\"  class=\"panel-grid panel-has-style\" ><div class=\"bgg siteorigin-panels-stretch panel-row-style panel-row-style-for-16-4\" data-stretch-type=\"full\" ><div id=\"pgc-16-4-0\"  class=\"panel-grid-cell\" ><div id=\"panel-16-4-0-0\" class=\"widget_text so-panel widget widget_custom_html panel-first-child panel-last-child\" data-index=\"6\" ><div class=\"widget_text panel-widget-style panel-widget-style-for-16-4-0-0\" ><h3 class=\"widget-title\">Formularz kontaktowy<\/h3><div class=\"textwidget custom-html-widget\">\n<div class=\"wpcf7 no-js\" id=\"wpcf7-f256-o1\" lang=\"pl-PL\" dir=\"ltr\">\n<div class=\"screen-reader-response\"><p role=\"status\" aria-live=\"polite\" aria-atomic=\"true\"><\/p> <ul><\/ul><\/div>\n<form action=\"\/index.php?rest_route=%2Fwp%2Fv2%2Fpages%2F16#wpcf7-f256-o1\" method=\"post\" class=\"wpcf7-form init\" aria-label=\"Formularz kontaktowy\" novalidate=\"novalidate\" data-status=\"init\">\n<div style=\"display: none;\">\n<input type=\"hidden\" name=\"_wpcf7\" value=\"256\" \/>\n<input type=\"hidden\" name=\"_wpcf7_version\" value=\"5.9.8\" \/>\n<input type=\"hidden\" name=\"_wpcf7_locale\" value=\"pl_PL\" \/>\n<input type=\"hidden\" name=\"_wpcf7_unit_tag\" value=\"wpcf7-f256-o1\" \/>\n<input type=\"hidden\" name=\"_wpcf7_container_post\" value=\"0\" \/>\n<input type=\"hidden\" name=\"_wpcf7_posted_data_hash\" value=\"\" \/>\n<\/div>\n<div class=\"row\">\n\t<div class=\"col-sm-6\">\n\t\t<div class=\"form-group\">\n\t\t\t<p><label for=\"imie\">Imi\u0119 i nazwisko<\/label><span class=\"wpcf7-form-control-wrap\" data-name=\"your-name\"><input size=\"40\" maxlength=\"400\" class=\"wpcf7-form-control wpcf7-text wpcf7-validates-as-required form-control\" aria-required=\"true\" aria-invalid=\"false\" value=\"\" type=\"text\" name=\"your-name\" \/><\/span>\n\t\t\t<\/p>\n\t\t<\/div>\n\t<\/div>\n\t<div class=\"col-sm-6\">\n\t\t<div class=\"form-group\">\n\t\t\t<p><label for=\"email\">Adres email<\/label><span class=\"wpcf7-form-control-wrap\" data-name=\"your-email\"><input size=\"40\" maxlength=\"400\" class=\"wpcf7-form-control wpcf7-email wpcf7-validates-as-required wpcf7-text wpcf7-validates-as-email form-control\" aria-required=\"true\" aria-invalid=\"false\" value=\"\" type=\"email\" name=\"your-email\" \/><\/span>\n\t\t\t<\/p>\n\t\t<\/div>\n\t<\/div>\n\t<div class=\"col-sm-6\">\n\t\t<div class=\"form-group\">\n\t\t\t<p><label for=\"telefon\">Telefon<\/label><span class=\"wpcf7-form-control-wrap\" data-name=\"your-phone\"><input size=\"40\" maxlength=\"400\" class=\"wpcf7-form-control wpcf7-text wpcf7-validates-as-required form-control\" aria-required=\"true\" aria-invalid=\"false\" value=\"\" type=\"text\" name=\"your-phone\" \/><\/span>\n\t\t\t<\/p>\n\t\t<\/div>\n\t<\/div>\n\t<div class=\"col-sm-6\">\n\t\t<div class=\"form-group\">\n\t\t\t<p><label for=\"subject\">Temat wiadomo\u015bci<\/label><span class=\"wpcf7-form-control-wrap\" data-name=\"your-subject\"><input size=\"40\" maxlength=\"400\" class=\"wpcf7-form-control wpcf7-text form-control\" aria-invalid=\"false\" value=\"\" type=\"text\" name=\"your-subject\" \/><\/span>\n\t\t\t<\/p>\n\t\t<\/div>\n\t<\/div>\n\t<div class=\"clearfix\">\n\t<\/div>\n\t<div class=\"col-sm-12\">\n\t\t<div class=\"form-group\">\n\t\t\t<p><label for=\"wiadomosc\">Tre\u015b\u0107 wiadomo\u015bci<\/label><span class=\"wpcf7-form-control-wrap\" data-name=\"your-message\"><textarea cols=\"40\" rows=\"10\" maxlength=\"2000\" class=\"wpcf7-form-control wpcf7-textarea form-control\" aria-invalid=\"false\" name=\"your-message\"><\/textarea><\/span>\n\t\t\t<\/p>\n\t\t<\/div>\n\t<\/div>\n\t<div class=\"col-sm-12\">\n\t\t<div class=\"form-group\">\n\t\t\t<div class=\"form-check rodo\">\n\t\t\t\t<p><span class=\"wpcf7-form-control-wrap\" data-name=\"acceptance-701\"><span class=\"wpcf7-form-control wpcf7-acceptance\"><span class=\"wpcf7-list-item\"><label><input type=\"checkbox\" name=\"acceptance-701\" value=\"1\" aria-invalid=\"false\" \/><span class=\"wpcf7-list-item-label\">Wyra\u017cam zgod\u0119 na przetwarzanie danych osobowych zgodnie z ustaw\u0105 o ochronie danych osobowych w zwi\u0105zku z wys\u0142aniem zapytania przez formularz kontaktowy. Podanie danych jest dobrowolne, ale niezb\u0119dne do przetworzenia zapytania zgodnie z Polityk\u0105 prywatno\u015bci. Zosta\u0142em\/am poinformowany, \u017ce przys\u0142uguje mi prawo dost\u0119pu do swoich danych, mo\u017cliwo\u015bci ich poprawiania, \u017c\u0105dania zaprzestania ich przetwarzania. Administratorem danych osobowych jest Bergovia Event Artur Witenberg, ul. Ogrody 19e\/67, 85-870 Bydgoszcz.<\/span><\/label><\/span><\/span><\/span>\n\t\t\t\t<\/p>\n\t\t\t<\/div>\n\t\t<\/div>\n\t<\/div>\n\t<div class=\"clearfix\">\n\t<\/div>\n\t<div class=\"col-sm-12\">\n\t\t<div class=\"form-group\">\n\t\t\t<p><input class=\"wpcf7-form-control wpcf7-submit has-spinner btn hero-btn pull-right\" type=\"submit\" value=\"Wy\u015blij\" \/>\n\t\t\t<\/p>\n\t\t<\/div>\n\t<\/div>\n<\/div><p style=\"display: none !important;\" class=\"akismet-fields-container\" data-prefix=\"_wpcf7_ak_\"><label>&#916;<textarea name=\"_wpcf7_ak_hp_textarea\" cols=\"45\" rows=\"8\" maxlength=\"100\"><\/textarea><\/label><input type=\"hidden\" id=\"ak_js_1\" name=\"_wpcf7_ak_js\" value=\"59\"\/><script>document.getElementById( \"ak_js_1\" ).setAttribute( \"value\", ( new Date() ).getTime() );<\/script><\/p><div class=\"wpcf7-response-output\" aria-hidden=\"true\"><\/div>\n<\/form>\n<\/div>\n<\/div><\/div><\/div><\/div><\/div><\/div><\/div>","protected":false},"excerpt":{"rendered":"Szkolenia i warsztaty integracyjne Szkolenia buduj\u0105 i podnosz\u0105 kompetencje pracownik\u00f3w. Wsp\u00f3lne gry i zabawy, aktywizuj\u0105 i integruj\u0105 grup\u0119, tworz\u0105 relacje, kt\u00f3re mog\u0105 zosta\u0107 przeniesione na grunt organizacji i wspiera\u0107 dba\u0142o\u015b\u0107 o pozytywn\u0105 atmosfer\u0119 w zespole. Zajmujemy si\u0119 kompleksow\u0105 realizacj\u0105 szkole\u0144 i warsztat\u00f3w m.in.: szkolenia interpersonalne szkolenia sprzeda\u017cowe szkolenia z obs\u0142ugi klienta szkolenia menad\u017cerskie szkolenia dla&#8230; <a class=\"view-article\" href=\"https:\/\/www.bergoviaevent.pl\/?page_id=16\">View Article<\/a>","protected":false},"author":1,"featured_media":0,"parent":0,"menu_order":5,"comment_status":"closed","ping_status":"closed","template":"template-page.php","meta":{"_acf_changed":false,"inline_featured_image":false,"footnotes":""},"class_list":["post-16","page","type-page","status-publish","hentry"],"acf":[],"_links":{"self":[{"href":"https:\/\/www.bergoviaevent.pl\/index.php?rest_route=\/wp\/v2\/pages\/16","targetHints":{"allow":["GET"]}}],"collection":[{"href":"https:\/\/www.bergoviaevent.pl\/index.php?rest_route=\/wp\/v2\/pages"}],"about":[{"href":"https:\/\/www.bergoviaevent.pl\/index.php?rest_route=\/wp\/v2\/types\/page"}],"author":[{"embeddable":true,"href":"https:\/\/www.bergoviaevent.pl\/index.php?rest_route=\/wp\/v2\/users\/1"}],"replies":[{"embeddable":true,"href":"https:\/\/www.bergoviaevent.pl\/index.php?rest_route=%2Fwp%2Fv2%2Fcomments&post=16"}],"version-history":[{"count":49,"href":"https:\/\/www.bergoviaevent.pl\/index.php?rest_route=\/wp\/v2\/pages\/16\/revisions"}],"predecessor-version":[{"id":811,"href":"https:\/\/www.bergoviaevent.pl\/index.php?rest_route=\/wp\/v2\/pages\/16\/revisions\/811"}],"wp:attachment":[{"href":"https:\/\/www.bergoviaevent.pl\/index.php?rest_route=%2Fwp%2Fv2%2Fmedia&parent=16"}],"curies":[{"name":"wp","href":"https:\/\/api.w.org\/{rel}","templated":true}]}}